{"id":886,"date":"2024-03-25T07:34:48","date_gmt":"2024-03-25T07:34:48","guid":{"rendered":"https:\/\/explore-centralcroatia.com\/?page_id=886"},"modified":"2024-04-23T11:24:06","modified_gmt":"2024-04-23T09:24:06","slug":"politika-privatnosti","status":"publish","type":"page","link":"https:\/\/explore-centralcroatia.com\/en\/politika-privatnosti\/","title":{"rendered":"Privacy policy"},"content":{"rendered":"<div data-elementor-type=\"wp-page\" data-elementor-id=\"886\" class=\"elementor elementor-886\" data-elementor-post-type=\"page\">\n\t\t\t\t<div class=\"elementor-element elementor-element-484de9e e-con-full e-flex e-con e-parent\" data-id=\"484de9e\" data-element_type=\"container\" data-settings=\"{&quot;background_background&quot;:&quot;classic&quot;}\">\n\t\t\t\t<\/div>\n\t\t<div class=\"elementor-element elementor-element-45a055c e-flex e-con-boxed e-con e-parent\" data-id=\"45a055c\" data-element_type=\"container\">\n\t\t\t\t\t<div class=\"e-con-inner\">\n\t\t<div class=\"elementor-element elementor-element-a605bb2 e-flex e-con-boxed e-con e-child\" data-id=\"a605bb2\" data-element_type=\"container\">\n\t\t\t\t\t<div class=\"e-con-inner\">\n\t\t\t\t<div class=\"elementor-element elementor-element-83b160c elementor-widget__width-initial elementor-widget-tablet__width-auto elementor-widget-mobile__width-auto elementor-invisible elementor-widget elementor-widget-heading\" data-id=\"83b160c\" data-element_type=\"widget\" data-settings=\"{&quot;_animation&quot;:&quot;fadeInLeft&quot;}\" data-widget_type=\"heading.default\">\n\t\t\t\t<div class=\"elementor-widget-container\">\n\t\t\t<h2 class=\"elementor-heading-title elementor-size-default\">Explore Central Croatia<\/h2>\t\t<\/div>\n\t\t\t\t<\/div>\n\t\t\t\t\t<\/div>\n\t\t\t\t<\/div>\n\t\t\t\t<div class=\"elementor-element elementor-element-d77339e elementor-invisible elementor-widget elementor-widget-heading\" data-id=\"d77339e\" data-element_type=\"widget\" data-settings=\"{&quot;_animation&quot;:&quot;fadeIn&quot;}\" data-widget_type=\"heading.default\">\n\t\t\t\t<div class=\"elementor-widget-container\">\n\t\t\t<h2 class=\"elementor-heading-title elementor-size-default\">Privacy policy<\/h2>\t\t<\/div>\n\t\t\t\t<\/div>\n\t\t\t\t<div class=\"elementor-element elementor-element-c948873 elementor-view-default elementor-invisible elementor-widget elementor-widget-icon\" data-id=\"c948873\" data-element_type=\"widget\" data-settings=\"{&quot;_animation&quot;:&quot;fadeInDown&quot;}\" data-widget_type=\"icon.default\">\n\t\t\t\t<div class=\"elementor-widget-container\">\n\t\t\t\t\t<div class=\"elementor-icon-wrapper\">\n\t\t\t<div class=\"elementor-icon elementor-animation-sink\">\n\t\t\t<i aria-hidden=\"true\" class=\"xlwpf wppb-font-angle-down\"><\/i>\t\t\t<\/div>\n\t\t<\/div>\n\t\t\t\t<\/div>\n\t\t\t\t<\/div>\n\t\t\t\t\t<\/div>\n\t\t\t\t<\/div>\n\t\t<div class=\"elementor-element elementor-element-170f735 e-flex e-con-boxed e-con e-parent\" data-id=\"170f735\" data-element_type=\"container\">\n\t\t\t\t\t<div class=\"e-con-inner\">\n\t\t\t\t<div class=\"elementor-element elementor-element-2fd2db5 elementor-widget elementor-widget-text-editor\" data-id=\"2fd2db5\" data-element_type=\"widget\" data-widget_type=\"text-editor.default\">\n\t\t\t\t<div class=\"elementor-widget-container\">\n\t\t\t\t\t\t\t<p>We take the protection of your personal data very seriously and therefore always strive to make the use of our services safe. We are obliged to comply with the Personal Data Protection Act. This statement on data protection serves to clarify what data we collect from you, for what purpose we use it and how we protect it.<\/p><h5><strong>Content<\/strong><\/h5><ul><li>Field of application<\/li><li>What data is collected and forwarded<\/li><li>Tracking by third parties over the Internet<\/li><li>Conversion measurement using Facebook visitor activity tracking pixels<\/li><li>Sharing<\/li><li>Use of data<\/li><li>Security and Data Transfer<\/li><li>Right of revocation, provision of information, change of data and contact<\/li><\/ul><h5><strong>Field of application<\/strong><\/h5><p>This statement applies to the use of Explore Central Croatia services and materials by Explore Central Croatia clients and employment in Explore Central Croatia<\/p><p>Please note that as part of the improvement of our activities in order to improve our services, it may be necessary to amend this data protection statement. In that case, we will inform you about it.<\/p><h5><strong>What data is collected and forwarded<\/strong><\/h5><p>The personal data we process is data about you as a client, collected when you place an order and visit Explore Central Croatia, i.e. when you fill out the Declaration of Client Consent, data about you as employees of Explore Central Croatia based on the Labor Act and other valid regulations, when you make payments through bank account or when establishing and executing contractual relations between you and Explore Central Croatia, which can be directly or indirectly connected to you. These are the following data: full name and surname, phone number(s), residential address, e-mail address, date of birth, OIB, bank details in the case of bank payments.<\/p><h5><strong>Tracking by third parties over the Internet<\/strong><\/h5><p>You can use our websites without registering and\/or logging in, and the following tools can be used:<\/p><p><strong>Cookies<\/strong><\/p><p>In order to improve your browsing experience on this website, we need to store a small amount of information (cookies) on your computer. Over 90% of all websites use this practice, but according to the regulations of the European Union from March 25, 2011. we are obliged to ask for your consent before saving cookies. By using our website, you agree to the use of cookies. By blocking cookies, you can still browse the site, but some of its features will not be available to you.<\/p><p>What is a cookie? A cookie is information saved on your computer by the website you visit. Cookies usually save your settings, settings for the website, such as your preferred language. Later, when you open the same web page again, the internet browser sends back the cookies belonging to that page. This allows the site to display information tailored to your needs.<\/p><p>The default activities of saving and sending cookies are not visible to you. However, you can change your internet browser settings so that you can choose for yourself whether to approve or reject cookie storage requests, delete saved cookies automatically when you close your internet browser, and the like.<\/p><p><strong>Google AdWords<\/strong><\/p><p>This tool can be used to store website visits for the purpose of advertising (remarketing) in Google and in the Display Network. Your browser stores cookies when you visit the website, which enable you to be recognized as a visitor when you load websites that belong to the Google network. On these pages, you, as a visitor, are offered ads related to content that you have previously uploaded on some other websites that use the remarketing options provided by Google. You can opt out of data collection through Google AdWords at http:\/\/www.google.com\/settings\/ads.<\/p><p><strong>Google AdWords conversion tracking<\/strong><\/p><p>This can create conversion statistics that measure the effectiveness of our online advertising campaigns. A conversion tracking cookie is set when a user clicks on an ad placed by Google. According to the data protection provisions of the provider Google, no personal data is processed. If you do not want to participate in tracking, you can stop the use of data for this purpose by deactivating the conversion tracking cookie provided by Google via the cookie settings in your web browser.<\/p><p>Please keep in mind that current Internet browsers accept \"cookies\" according to standard, already default settings. You can set the settings in your browser so that they do not allow all or only certain \"cookies\" or that you are asked for approval to accept a new \"cookie\". Instructions for accepting \"cookies\" can be found in most browsers via the \"help\" option in the menu list. In these instructions, you will also find instructions for deleting already accepted \"cookies\".<\/p><h5>\u00a0<\/h5><h5><strong>Conversion measurement using Facebook visitor activity tracking pixels<\/strong><\/h5><p>As part of the online presence, the \u201cVisitor Activity Tracking Pixel\u201d of Facebook Inc., 1601 S. California Ave, Palo Alto, CA 94304, USA (\u201cFacebook\u201d) is used. It is a \"cookie\", that is, a small text file that is stored on your computer and can be downloaded from your computer. It can be used to track users' activities after they have seen or clicked on an ad on Facebook. In this way, the effectiveness of ads on Facebook can be measured for the purpose of statistical evaluations and market research. The data collected in this way are anonymous for us, i.e. they cannot be linked to the user's identity. However, this data is stored and processed by Facebook, so that this data can be linked to the relevant user profile and Facebook can use it for its own advertising purposes in accordance with the Data Protection Statement for the use of Facebook (\"http:\/\/www.facebook. com\/about\/privacy \/). You can enable Facebook and its partners to advertise on Facebook and outside of Facebook. For this purpose, a \"cookie\" will be stored on your computer. Find more information in the Data Protection Statement of the mentioned social network.<\/p><h5><strong>Sharing<\/strong><\/h5><p>Our website has integrated fields for sharing on the social networks Facebook, 1601 South California Avenue, Palo Alto, CA 94304, USA as well as Instagram, San Francisco, California, USA. In addition, a field for sharing via e-mail can be integrated. You can recognize sharing fields by their logo.<\/p><p>Only when you click on the respective \"sharing box\" on our website (and only then) is a direct connection established between the browser and the server of the respective social network operator. According to the operators of the mentioned social networks, no personal data is collected by the social networks without clicking on the respective sharing field. This data, including the IP address, is collected and processed only for persons registered on the respective social networks. If you do not want your visit to our website to be associated with your social media account, please log out of your social media account.<\/p><p>At this point, we emphasize that Explore Central Croatia has no insight into the content of transferred data, as well as their use by social networks. You can find more information about the use of data by social networks in the Data Protection Statement of the mentioned social networks.<\/p><h5>\u00a0<\/h5><h5><strong>Use of data<\/strong><\/h5><p>We use your personal data in full compliance with legal provisions.<\/p><p>Osobni podaci koje nam dajete na raspolaganje prilikom Va\u0161eg naru\u010divanja i dolaska u Explore Central Croatia, prilikom Va\u0161eg ispunjavanja Izjave o suglasnosti klijenta, prilikom Va\u0161ih uplata putem banke ili prilikom zasnivanja i izvr\u0161avanja ugovornih odnosa izme\u0111u Vas i Explore Central Croatia, prikupljat \u0107e se i obra\u0111ivati isklju\u010divo u okviru ispunjavanja na\u0161ih zakonskih obveza (primjerice, podaci o djelatnicima koje je Explore Central Croatia du\u017ean prikupljati prema Zakonu o radu) ili ugovornih obaveza prema Vama temeljem Va\u0161e suglasnosti.<\/p><p>After you have given us your explicit consent, we will use your data to deliver materials related to the services in question, mutual communication, including congratulating you on your birthday, and related actions and activities, as well as to inform you about Explore Central Croatia's offer of services, promotions with discounts , novelties, workshops, educations, promotions, and for the purpose of promoting Explore Central Croatia.<\/p><h5>\u00a0<\/h5><h5><strong>Security and Data Transfer<\/strong><\/h5><p>To protect your data, we use passwords, web firewalls, antivirus programs and other security measures according to the current state of technology. When communicating via e-mail, data security during transmission can only be guaranteed according to the current state of the art.<\/p><p>The client's information specified in the Client's Declaration of Consent is kept in the original of the aforementioned declaration and in electronic form. The originals of the aforementioned statements are stored in a cabinet, access to which is protected by a key, and access to the list of Explore Central Croatia clients and information about clients from the statement, which are stored in electronic form, is protected by a password. The storage period for the mentioned data is two years from the date of the client's last interaction with Explore Central Croatia<\/p><p>The originals of the client's Declaration of Consent are mechanically destroyed two years after the date of the client's last interaction with Explore Central Croatia<\/p><p>The director of Explore Central Croatia as the responsible person and the employees of Explore Central Croatia have access to the list of client data and Statements of the client's consent, since such access is necessary for the execution of the obligations and services of Explore Central Croatia to the relevant clients, and it is regulated in accordance with the applicable legislation. Every client has the right to view personal data that are about him\/her in the list of Explore Central Croatia clients and that are processed about him\/her (for example, in the list of service users).<\/p><p>The personal data provided by the client for the purpose of payment through the bank are collected in electronic form and stored on the computer, with access protected by a password. The director of Explore Central Croatia has access to the above data. The retention period of the above data is determined in accordance with applicable regulations, especially accounting regulations.<\/p><p>Personal data that is collected is kept as long as necessary to fulfill the purpose of data collection and processing. Client data specified in the client's Statement of Consent collected for the purpose of sending information about Explore Central Croatia services and its promotion are kept until the client withdraws consent, and no later than two years from the date of the client's last interaction with Explore Central Croatia<\/p><p>Responsible persons and employees of Explore Central Croatia who have the right and authority to access personal data collected by Explore Central Croatia undertake, by signing the Confidentiality Statement, to permanently maintain the confidentiality of personal data and to act in accordance with the applicable legislation and rules of Explore Central Croatia<\/p><p>Your personal data may be forwarded \/ entrusted to certain contractual partners of Explore Central Croatia, if Explore Central Croatia decides to engage them.<\/p><p>Namely, we can engage certain partners to fulfill our obligations (for example, accounting service) and services, communication with members, management of our online appearance and access, fulfillment of some of the purposes stated in this Statement. Your personal data will be forwarded to the contractual partner Explore Central Croatia if it is necessary to perform a specific service related to you. We will choose the specified contractual partners carefully in order to ensure legal and secure data processing. Furthermore, the aforementioned contractual partners will be obliged to use your personal data only for specific purposes in accordance with our instructions and in accordance with Croatian legal provisions on the protection of personal data. The use of data by contractual partners for other purposes is excluded.<\/p><p>We will not forward your personal data to other persons except the contractual partners mentioned above, only if you have not given your consent for this.<\/p><p>Considering the nature, scope, purpose of collection, use and processing of personal data by Explore Central Croatia, including the fact that the collection, use and processing is not on a large scale, nor are special categories of personal data collected, i.e. Explore Central Croatia and its services are not subject to the legal obligation to appoint an officer for the protection of personal data, Explore Central Croatia and no such officer has been appointed.<\/p><h5>\u00a0<\/h5><h5><strong>Right of revocation, provision of information, change of data and contact<\/strong><\/h5><p>By signing the Client Consent Statement or using our website, you agree to the use of your personal data in the manner described in the Client Consent Statement and this Data Protection Statement.<\/p><p>Ujedno, sukladno va\u017ee\u0107em zakonodavstvu o za\u0161titi osobnih podataka i pravima koje Vam ono daje kao vlasniku osobnih podataka, s kojima Vas je Explore Central Croatia upoznao, imate i pravo na pristup, ispravak, brisanje ili ograni\u010davanje obrade svojih osobnih podataka; pravo u bilo kojem trenutku povu\u0107i Va\u0161u suglasnost za kori\u0161tenje Va\u0161ih osobnih podataka, za ubudu\u0107e bez navo\u0111enja razloga; kao i pravo na podno\u0161enje prigovora nadzornom tijelu. Povla\u010denje suglasnosti vr\u0161i se pisanim putem (e-mailom) na slijede\u0107u javno dostupnu e-adresu sjedi\u0161ta; <a href=\"mailto:mario.jelcic@mobilitas.com.hr\"><span class=\"elementor-icon-list-text\">mario.jelcic@mobilitas.com.hr<\/span><\/a>. Takvo povla\u010denje onemogu\u0107it \u0107e budu\u0107e kori\u0161tenje Va\u0161ih osobnih podataka od strane Explore Central Croatia.<\/p><p>Please contact the address if you have questions related to the use of your data and for the purpose of updating and correcting your data.<\/p>\t\t\t\t\t\t<\/div>\n\t\t\t\t<\/div>\n\t\t\t\t\t<\/div>\n\t\t\t\t<\/div>\n\t\t\t\t<\/div>","protected":false},"excerpt":{"rendered":"<p>Za\u0161titu Va\u0161ih osobnih podataka shva\u0107amo vrlo ozbiljno i stoga uvijek nastojimo kori\u0161tenje na\u0161ih usluga u\u010diniti sigurnim. Obvezni smo po\u0161tivati Zakon o za\u0161titi osobnih podatka. Ova izjava o za\u0161titi podataka slu\u017ei za poja\u0161njenje o tome koje podatke od Vas prikupljamo, u koju svrhu ih koristimo te kako ih \u0161titimo. Sadr\u017eaj Podru\u010dje primjene Koji se podaci prikupljaju [&hellip;]<\/p>","protected":false},"author":1,"featured_media":0,"parent":0,"menu_order":0,"comment_status":"closed","ping_status":"closed","template":"elementor_header_footer","meta":{"_acf_changed":false,"footnotes":""},"class_list":["post-886","page","type-page","status-publish","hentry"],"acf":[],"_links":{"self":[{"href":"https:\/\/explore-centralcroatia.com\/en\/wp-json\/wp\/v2\/pages\/886","targetHints":{"allow":["GET"]}}],"collection":[{"href":"https:\/\/explore-centralcroatia.com\/en\/wp-json\/wp\/v2\/pages"}],"about":[{"href":"https:\/\/explore-centralcroatia.com\/en\/wp-json\/wp\/v2\/types\/page"}],"author":[{"embeddable":true,"href":"https:\/\/explore-centralcroatia.com\/en\/wp-json\/wp\/v2\/users\/1"}],"replies":[{"embeddable":true,"href":"https:\/\/explore-centralcroatia.com\/en\/wp-json\/wp\/v2\/comments?post=886"}],"version-history":[{"count":46,"href":"https:\/\/explore-centralcroatia.com\/en\/wp-json\/wp\/v2\/pages\/886\/revisions"}],"predecessor-version":[{"id":4157,"href":"https:\/\/explore-centralcroatia.com\/en\/wp-json\/wp\/v2\/pages\/886\/revisions\/4157"}],"wp:attachment":[{"href":"https:\/\/explore-centralcroatia.com\/en\/wp-json\/wp\/v2\/media?parent=886"}],"curies":[{"name":"wp","href":"https:\/\/api.w.org\/{rel}","templated":true}]}}