{"id":32,"date":"2024-03-19T12:03:29","date_gmt":"2024-03-19T12:03:29","guid":{"rendered":"https:\/\/explore-centralcroatia.com\/?page_id=32"},"modified":"2025-06-03T10:11:36","modified_gmt":"2025-06-03T08:11:36","slug":"zupanije","status":"publish","type":"page","link":"https:\/\/explore-centralcroatia.com\/en\/zupanije\/","title":{"rendered":"Counties"},"content":{"rendered":"<style>\/*! elementor - v3.20.0 - 26-03-2024 *\/\n.elementor-heading-title{padding:0;margin:0;line-height:1}.elementor-widget-heading .elementor-heading-title[class*=elementor-size-]>a{color:inherit;font-size:inherit;line-height:inherit}.elementor-widget-heading .elementor-heading-title.elementor-size-small{font-size:15px}.elementor-widget-heading .elementor-heading-title.elementor-size-medium{font-size:19px}.elementor-widget-heading .elementor-heading-title.elementor-size-large{font-size:29px}.elementor-widget-heading .elementor-heading-title.elementor-size-xl{font-size:39px}.elementor-widget-heading .elementor-heading-title.elementor-size-xxl{font-size:59px}<\/style>\n<h2>Counties<\/h2>\n<h2>Choose a county and go!<\/h2>\n<p><strong>Select a county<\/strong> that you want to explore and discover its sights, cultural heritage, natural beauty and gastronomic delicacies. By clicking on the selected county, a detailed page will open with information that will help you get to know the area better and plan your trip. Go on a virtual journey through diversity <strong>Central Croatia and explore everything this region has to offer!<\/strong><\/p>\n<div class=\"map_wrapper\" id=\"map_wrapper_244\">\n<div class=\"map_box\" style=\"max-width:2000px\">\n<div class=\"map_aspect_ratio\" style=\"padding-top:56%\" data-padding-top=\"56%\" data-padding-top-mobile=\"0%\">\n<div class=\"map_container\">\n<div class=\"map_render map_loading\" id=\"map_244\"><\/div>\n<\/div>\n<\/div>\n<\/div>\n<\/div>","protected":false},"excerpt":{"rendered":"<p>\u017dupanije Izaberi \u017eupaniju i kreni na put! Odaberite \u017eupaniju koju \u017eelite istra\u017eiti i otkrijte njezine znamenitosti, kulturnu ba\u0161tinu, prirodne ljepote i gastronomske delicije. Klikom na odabranu \u017eupaniju, otvorit \u0107e se detaljna stranica s informacijama koje \u0107e vam pomo\u0107i da bolje upoznate podru\u010dje i planirate svoje putovanje. Zaputite se na virtualno putovanje kroz raznolikosti Sredi\u0161nje Hrvatske [&hellip;]<\/p>","protected":false},"author":1,"featured_media":0,"parent":0,"menu_order":0,"comment_status":"closed","ping_status":"closed","template":"elementor_header_footer","meta":{"_acf_changed":false,"footnotes":""},"class_list":["post-32","page","type-page","status-publish","hentry"],"acf":[],"_links":{"self":[{"href":"https:\/\/explore-centralcroatia.com\/en\/wp-json\/wp\/v2\/pages\/32","targetHints":{"allow":["GET"]}}],"collection":[{"href":"https:\/\/explore-centralcroatia.com\/en\/wp-json\/wp\/v2\/pages"}],"about":[{"href":"https:\/\/explore-centralcroatia.com\/en\/wp-json\/wp\/v2\/types\/page"}],"author":[{"embeddable":true,"href":"https:\/\/explore-centralcroatia.com\/en\/wp-json\/wp\/v2\/users\/1"}],"replies":[{"embeddable":true,"href":"https:\/\/explore-centralcroatia.com\/en\/wp-json\/wp\/v2\/comments?post=32"}],"version-history":[{"count":104,"href":"https:\/\/explore-centralcroatia.com\/en\/wp-json\/wp\/v2\/pages\/32\/revisions"}],"predecessor-version":[{"id":3990,"href":"https:\/\/explore-centralcroatia.com\/en\/wp-json\/wp\/v2\/pages\/32\/revisions\/3990"}],"wp:attachment":[{"href":"https:\/\/explore-centralcroatia.com\/en\/wp-json\/wp\/v2\/media?parent=32"}],"curies":[{"name":"wp","href":"https:\/\/api.w.org\/{rel}","templated":true}]}}